{"id":3988,"date":"2025-02-13T18:23:09","date_gmt":"2025-02-13T18:23:09","guid":{"rendered":"https:\/\/diet.oriontech.al\/?product=caj-per-sistemin-urinar"},"modified":"2025-02-13T18:23:10","modified_gmt":"2025-02-13T18:23:10","slug":"caj-per-sistemin-urinar","status":"publish","type":"product","link":"https:\/\/www.blerinadiet.al\/sq\/product\/caj-per-sistemin-urinar\/","title":{"rendered":"\u00c7AJ P\u00cbR SISTEMIN URINAR"},"content":{"rendered":"<p>\u00c7AJ P\u00cbR SISTEMIN URINAR \u00ebsht\u00eb nj\u00eb suplement i cil\u00ebsis\u00eb s\u00eb lart\u00eb i krijuar p\u00ebr p\u00ebrfitime optimale sh\u00ebndet\u00ebsore.<\/p>\n","protected":false},"excerpt":{"rendered":"<p>\u00c7AJ P\u00cbR SISTEMIN URINAR suplement.<\/p>\n","protected":false},"featured_media":3939,"comment_status":"open","ping_status":"closed","template":"","meta":[],"product_brand":[],"product_cat":[78],"product_tag":[],"class_list":{"0":"post-3988","1":"product","2":"type-product","3":"status-publish","4":"has-post-thumbnail","6":"product_cat-cajra","8":"first","9":"instock","10":"taxable","11":"shipping-taxable","12":"purchasable","13":"product-type-simple"},"_links":{"self":[{"href":"https:\/\/www.blerinadiet.al\/sq\/wp-json\/wp\/v2\/product\/3988","targetHints":{"allow":["GET"]}}],"collection":[{"href":"https:\/\/www.blerinadiet.al\/sq\/wp-json\/wp\/v2\/product"}],"about":[{"href":"https:\/\/www.blerinadiet.al\/sq\/wp-json\/wp\/v2\/types\/product"}],"replies":[{"embeddable":true,"href":"https:\/\/www.blerinadiet.al\/sq\/wp-json\/wp\/v2\/comments?post=3988"}],"wp:featuredmedia":[{"embeddable":true,"href":"https:\/\/www.blerinadiet.al\/sq\/wp-json\/wp\/v2\/media\/3939"}],"wp:attachment":[{"href":"https:\/\/www.blerinadiet.al\/sq\/wp-json\/wp\/v2\/media?parent=3988"}],"wp:term":[{"taxonomy":"product_brand","embeddable":true,"href":"https:\/\/www.blerinadiet.al\/sq\/wp-json\/wp\/v2\/product_brand?post=3988"},{"taxonomy":"product_cat","embeddable":true,"href":"https:\/\/www.blerinadiet.al\/sq\/wp-json\/wp\/v2\/product_cat?post=3988"},{"taxonomy":"product_tag","embeddable":true,"href":"https:\/\/www.blerinadiet.al\/sq\/wp-json\/wp\/v2\/product_tag?post=3988"}],"curies":[{"name":"wp","href":"https:\/\/api.w.org\/{rel}","templated":true}]}}