{"id":3969,"date":"2025-02-13T18:22:56","date_gmt":"2025-02-13T18:22:56","guid":{"rendered":"https:\/\/diet.oriontech.al\/?product=locion-kunder-renies-se-flokeve"},"modified":"2025-02-13T18:22:57","modified_gmt":"2025-02-13T18:22:57","slug":"locion-kunder-renies-se-flokeve","status":"publish","type":"product","link":"https:\/\/www.blerinadiet.al\/sq\/product\/locion-kunder-renies-se-flokeve\/","title":{"rendered":"LOCION KUND\u00cbR R\u00cbNIES S\u00cb FLOK\u00cbVE"},"content":{"rendered":"<p>LOCION KUND\u00cbR R\u00cbNIES S\u00cb FLOK\u00cbVE \u00ebsht\u00eb nj\u00eb suplement i cil\u00ebsis\u00eb s\u00eb lart\u00eb i krijuar p\u00ebr p\u00ebrfitime optimale sh\u00ebndet\u00ebsore.<\/p>\n","protected":false},"excerpt":{"rendered":"<p>LOCION KUND\u00cbR R\u00cbNIES S\u00cb FLOK\u00cbVE suplement.<\/p>\n","protected":false},"featured_media":3927,"comment_status":"open","ping_status":"closed","template":"","meta":[],"product_brand":[],"product_cat":[76],"product_tag":[],"class_list":{"0":"post-3969","1":"product","2":"type-product","3":"status-publish","4":"has-post-thumbnail","6":"product_cat-kujdesi-per-floket","8":"first","9":"instock","10":"taxable","11":"shipping-taxable","12":"purchasable","13":"product-type-simple"},"_links":{"self":[{"href":"https:\/\/www.blerinadiet.al\/sq\/wp-json\/wp\/v2\/product\/3969","targetHints":{"allow":["GET"]}}],"collection":[{"href":"https:\/\/www.blerinadiet.al\/sq\/wp-json\/wp\/v2\/product"}],"about":[{"href":"https:\/\/www.blerinadiet.al\/sq\/wp-json\/wp\/v2\/types\/product"}],"replies":[{"embeddable":true,"href":"https:\/\/www.blerinadiet.al\/sq\/wp-json\/wp\/v2\/comments?post=3969"}],"wp:featuredmedia":[{"embeddable":true,"href":"https:\/\/www.blerinadiet.al\/sq\/wp-json\/wp\/v2\/media\/3927"}],"wp:attachment":[{"href":"https:\/\/www.blerinadiet.al\/sq\/wp-json\/wp\/v2\/media?parent=3969"}],"wp:term":[{"taxonomy":"product_brand","embeddable":true,"href":"https:\/\/www.blerinadiet.al\/sq\/wp-json\/wp\/v2\/product_brand?post=3969"},{"taxonomy":"product_cat","embeddable":true,"href":"https:\/\/www.blerinadiet.al\/sq\/wp-json\/wp\/v2\/product_cat?post=3969"},{"taxonomy":"product_tag","embeddable":true,"href":"https:\/\/www.blerinadiet.al\/sq\/wp-json\/wp\/v2\/product_tag?post=3969"}],"curies":[{"name":"wp","href":"https:\/\/api.w.org\/{rel}","templated":true}]}}