{"id":3964,"date":"2025-02-13T18:22:54","date_gmt":"2025-02-13T18:22:54","guid":{"rendered":"https:\/\/diet.oriontech.al\/?product=cmhagc-1100mg-free-motion"},"modified":"2025-02-13T18:22:55","modified_gmt":"2025-02-13T18:22:55","slug":"cmhagc-1100mg-free-motion","status":"publish","type":"product","link":"https:\/\/www.blerinadiet.al\/sq\/product\/cmhagc-1100mg-free-motion\/","title":{"rendered":"CMHAGC 1100mg (FREE MOTION)"},"content":{"rendered":"<p>CMHAGC 1100mg (FREE MOTION) \u00ebsht\u00eb nj\u00eb suplement i cil\u00ebsis\u00eb s\u00eb lart\u00eb i krijuar p\u00ebr p\u00ebrfitime optimale sh\u00ebndet\u00ebsore.<\/p>\n","protected":false},"excerpt":{"rendered":"<p>CMHAGC 1100mg (FREE MOTION) suplement.<\/p>\n","protected":false},"featured_media":3944,"comment_status":"open","ping_status":"closed","template":"","meta":[],"product_brand":[],"product_cat":[75],"product_tag":[],"class_list":{"0":"post-3964","1":"product","2":"type-product","3":"status-publish","4":"has-post-thumbnail","6":"product_cat-suplemente","8":"first","9":"instock","10":"taxable","11":"shipping-taxable","12":"purchasable","13":"product-type-simple"},"_links":{"self":[{"href":"https:\/\/www.blerinadiet.al\/sq\/wp-json\/wp\/v2\/product\/3964","targetHints":{"allow":["GET"]}}],"collection":[{"href":"https:\/\/www.blerinadiet.al\/sq\/wp-json\/wp\/v2\/product"}],"about":[{"href":"https:\/\/www.blerinadiet.al\/sq\/wp-json\/wp\/v2\/types\/product"}],"replies":[{"embeddable":true,"href":"https:\/\/www.blerinadiet.al\/sq\/wp-json\/wp\/v2\/comments?post=3964"}],"wp:featuredmedia":[{"embeddable":true,"href":"https:\/\/www.blerinadiet.al\/sq\/wp-json\/wp\/v2\/media\/3944"}],"wp:attachment":[{"href":"https:\/\/www.blerinadiet.al\/sq\/wp-json\/wp\/v2\/media?parent=3964"}],"wp:term":[{"taxonomy":"product_brand","embeddable":true,"href":"https:\/\/www.blerinadiet.al\/sq\/wp-json\/wp\/v2\/product_brand?post=3964"},{"taxonomy":"product_cat","embeddable":true,"href":"https:\/\/www.blerinadiet.al\/sq\/wp-json\/wp\/v2\/product_cat?post=3964"},{"taxonomy":"product_tag","embeddable":true,"href":"https:\/\/www.blerinadiet.al\/sq\/wp-json\/wp\/v2\/product_tag?post=3964"}],"curies":[{"name":"wp","href":"https:\/\/api.w.org\/{rel}","templated":true}]}}