{"id":3978,"date":"2025-02-13T18:23:01","date_gmt":"2025-02-13T18:23:01","guid":{"rendered":"https:\/\/diet.oriontech.al\/?product=proteine-soje-100gr"},"modified":"2025-02-13T18:23:02","modified_gmt":"2025-02-13T18:23:02","slug":"proteine-soje-100gr","status":"publish","type":"product","link":"https:\/\/www.blerinadiet.al\/en\/product\/proteine-soje-100gr\/","title":{"rendered":"PROTEIN\u00cb SOJE 100gr"},"content":{"rendered":"<p>PROTEIN\u00cb SOJE 100gr \u00ebsht\u00eb nj\u00eb suplement i cil\u00ebsis\u00eb s\u00eb lart\u00eb i krijuar p\u00ebr p\u00ebrfitime optimale sh\u00ebndet\u00ebsore.<\/p>","protected":false},"excerpt":{"rendered":"<p>PROTEIN\u00cb SOJE 100gr suplement.<\/p>","protected":false},"featured_media":3930,"comment_status":"open","ping_status":"closed","template":"","meta":[],"product_brand":[],"product_cat":[77],"product_tag":[],"class_list":{"0":"post-3978","1":"product","2":"type-product","3":"status-publish","4":"has-post-thumbnail","6":"product_cat-proteina","8":"first","9":"instock","10":"taxable","11":"shipping-taxable","12":"purchasable","13":"product-type-simple"},"_links":{"self":[{"href":"https:\/\/www.blerinadiet.al\/en\/wp-json\/wp\/v2\/product\/3978","targetHints":{"allow":["GET"]}}],"collection":[{"href":"https:\/\/www.blerinadiet.al\/en\/wp-json\/wp\/v2\/product"}],"about":[{"href":"https:\/\/www.blerinadiet.al\/en\/wp-json\/wp\/v2\/types\/product"}],"replies":[{"embeddable":true,"href":"https:\/\/www.blerinadiet.al\/en\/wp-json\/wp\/v2\/comments?post=3978"}],"wp:featuredmedia":[{"embeddable":true,"href":"https:\/\/www.blerinadiet.al\/en\/wp-json\/wp\/v2\/media\/3930"}],"wp:attachment":[{"href":"https:\/\/www.blerinadiet.al\/en\/wp-json\/wp\/v2\/media?parent=3978"}],"wp:term":[{"taxonomy":"product_brand","embeddable":true,"href":"https:\/\/www.blerinadiet.al\/en\/wp-json\/wp\/v2\/product_brand?post=3978"},{"taxonomy":"product_cat","embeddable":true,"href":"https:\/\/www.blerinadiet.al\/en\/wp-json\/wp\/v2\/product_cat?post=3978"},{"taxonomy":"product_tag","embeddable":true,"href":"https:\/\/www.blerinadiet.al\/en\/wp-json\/wp\/v2\/product_tag?post=3978"}],"curies":[{"name":"wp","href":"https:\/\/api.w.org\/{rel}","templated":true}]}}