{"id":3991,"date":"2025-02-13T18:23:12","date_gmt":"2025-02-13T18:23:12","guid":{"rendered":"https:\/\/diet.oriontech.al\/?product=omega-3"},"modified":"2025-02-13T18:23:12","modified_gmt":"2025-02-13T18:23:12","slug":"omega-3","status":"publish","type":"product","link":"http:\/\/www.blerinadiet.al\/sq\/product\/omega-3\/","title":{"rendered":"OMEGA 3"},"content":{"rendered":"<p>OMEGA 3 \u00ebsht\u00eb nj\u00eb suplement i cil\u00ebsis\u00eb s\u00eb lart\u00eb i krijuar p\u00ebr p\u00ebrfitime optimale sh\u00ebndet\u00ebsore.<\/p>\n","protected":false},"excerpt":{"rendered":"<p>OMEGA 3 suplement.<\/p>\n","protected":false},"featured_media":3958,"comment_status":"open","ping_status":"closed","template":"","meta":[],"product_brand":[],"product_cat":[75],"product_tag":[],"class_list":{"0":"post-3991","1":"product","2":"type-product","3":"status-publish","4":"has-post-thumbnail","6":"product_cat-suplemente","8":"first","9":"instock","10":"taxable","11":"shipping-taxable","12":"purchasable","13":"product-type-simple"},"_links":{"self":[{"href":"http:\/\/www.blerinadiet.al\/sq\/wp-json\/wp\/v2\/product\/3991","targetHints":{"allow":["GET"]}}],"collection":[{"href":"http:\/\/www.blerinadiet.al\/sq\/wp-json\/wp\/v2\/product"}],"about":[{"href":"http:\/\/www.blerinadiet.al\/sq\/wp-json\/wp\/v2\/types\/product"}],"replies":[{"embeddable":true,"href":"http:\/\/www.blerinadiet.al\/sq\/wp-json\/wp\/v2\/comments?post=3991"}],"wp:featuredmedia":[{"embeddable":true,"href":"http:\/\/www.blerinadiet.al\/sq\/wp-json\/wp\/v2\/media\/3958"}],"wp:attachment":[{"href":"http:\/\/www.blerinadiet.al\/sq\/wp-json\/wp\/v2\/media?parent=3991"}],"wp:term":[{"taxonomy":"product_brand","embeddable":true,"href":"http:\/\/www.blerinadiet.al\/sq\/wp-json\/wp\/v2\/product_brand?post=3991"},{"taxonomy":"product_cat","embeddable":true,"href":"http:\/\/www.blerinadiet.al\/sq\/wp-json\/wp\/v2\/product_cat?post=3991"},{"taxonomy":"product_tag","embeddable":true,"href":"http:\/\/www.blerinadiet.al\/sq\/wp-json\/wp\/v2\/product_tag?post=3991"}],"curies":[{"name":"wp","href":"https:\/\/api.w.org\/{rel}","templated":true}]}}