{"id":3967,"date":"2025-02-13T18:22:56","date_gmt":"2025-02-13T18:22:56","guid":{"rendered":"https:\/\/diet.oriontech.al\/?product=omega-3-6-9d3-per-femije"},"modified":"2025-02-13T18:22:56","modified_gmt":"2025-02-13T18:22:56","slug":"omega-3-6-9d3-per-femije","status":"publish","type":"product","link":"http:\/\/www.blerinadiet.al\/sq\/product\/omega-3-6-9d3-per-femije\/","title":{"rendered":"OMEGA 3\/6\/9+D3 P\u00cbR F\u00cbMIJ\u00cb"},"content":{"rendered":"<p>OMEGA 3\/6\/9+D3 P\u00cbR F\u00cbMIJ\u00cb \u00ebsht\u00eb nj\u00eb suplement i cil\u00ebsis\u00eb s\u00eb lart\u00eb i krijuar p\u00ebr p\u00ebrfitime optimale sh\u00ebndet\u00ebsore.<\/p>\n","protected":false},"excerpt":{"rendered":"<p>OMEGA 3\/6\/9+D3 P\u00cbR F\u00cbMIJ\u00cb suplement.<\/p>\n","protected":false},"featured_media":3947,"comment_status":"open","ping_status":"closed","template":"","meta":[],"product_brand":[],"product_cat":[75],"product_tag":[],"class_list":{"0":"post-3967","1":"product","2":"type-product","3":"status-publish","4":"has-post-thumbnail","6":"product_cat-suplemente","8":"first","9":"instock","10":"taxable","11":"shipping-taxable","12":"purchasable","13":"product-type-simple"},"_links":{"self":[{"href":"http:\/\/www.blerinadiet.al\/sq\/wp-json\/wp\/v2\/product\/3967","targetHints":{"allow":["GET"]}}],"collection":[{"href":"http:\/\/www.blerinadiet.al\/sq\/wp-json\/wp\/v2\/product"}],"about":[{"href":"http:\/\/www.blerinadiet.al\/sq\/wp-json\/wp\/v2\/types\/product"}],"replies":[{"embeddable":true,"href":"http:\/\/www.blerinadiet.al\/sq\/wp-json\/wp\/v2\/comments?post=3967"}],"wp:featuredmedia":[{"embeddable":true,"href":"http:\/\/www.blerinadiet.al\/sq\/wp-json\/wp\/v2\/media\/3947"}],"wp:attachment":[{"href":"http:\/\/www.blerinadiet.al\/sq\/wp-json\/wp\/v2\/media?parent=3967"}],"wp:term":[{"taxonomy":"product_brand","embeddable":true,"href":"http:\/\/www.blerinadiet.al\/sq\/wp-json\/wp\/v2\/product_brand?post=3967"},{"taxonomy":"product_cat","embeddable":true,"href":"http:\/\/www.blerinadiet.al\/sq\/wp-json\/wp\/v2\/product_cat?post=3967"},{"taxonomy":"product_tag","embeddable":true,"href":"http:\/\/www.blerinadiet.al\/sq\/wp-json\/wp\/v2\/product_tag?post=3967"}],"curies":[{"name":"wp","href":"https:\/\/api.w.org\/{rel}","templated":true}]}}