{"id":3983,"date":"2025-02-13T18:23:07","date_gmt":"2025-02-13T18:23:07","guid":{"rendered":"https:\/\/diet.oriontech.al\/?product=caj-per-hunde-fyt"},"modified":"2025-02-13T18:23:07","modified_gmt":"2025-02-13T18:23:07","slug":"caj-per-hunde-fyt","status":"publish","type":"product","link":"http:\/\/www.blerinadiet.al\/en\/product\/caj-per-hunde-fyt\/","title":{"rendered":"\u00c7AJ P\u00cbR HUND\u00cb &#038; FYT"},"content":{"rendered":"<p>Nose &amp; Throat Tea is a high-quality supplement designed for optimal health benefits.<\/p>","protected":false},"excerpt":{"rendered":"<p>\u00c7AJ P\u00cbR HUND\u00cb &#038; FYT suplement.<\/p>","protected":false},"featured_media":3934,"comment_status":"open","ping_status":"closed","template":"","meta":[],"product_brand":[],"product_cat":[78],"product_tag":[],"class_list":{"0":"post-3983","1":"product","2":"type-product","3":"status-publish","4":"has-post-thumbnail","6":"product_cat-cajra","8":"first","9":"instock","10":"taxable","11":"shipping-taxable","12":"purchasable","13":"product-type-simple"},"_links":{"self":[{"href":"http:\/\/www.blerinadiet.al\/en\/wp-json\/wp\/v2\/product\/3983","targetHints":{"allow":["GET"]}}],"collection":[{"href":"http:\/\/www.blerinadiet.al\/en\/wp-json\/wp\/v2\/product"}],"about":[{"href":"http:\/\/www.blerinadiet.al\/en\/wp-json\/wp\/v2\/types\/product"}],"replies":[{"embeddable":true,"href":"http:\/\/www.blerinadiet.al\/en\/wp-json\/wp\/v2\/comments?post=3983"}],"wp:featuredmedia":[{"embeddable":true,"href":"http:\/\/www.blerinadiet.al\/en\/wp-json\/wp\/v2\/media\/3934"}],"wp:attachment":[{"href":"http:\/\/www.blerinadiet.al\/en\/wp-json\/wp\/v2\/media?parent=3983"}],"wp:term":[{"taxonomy":"product_brand","embeddable":true,"href":"http:\/\/www.blerinadiet.al\/en\/wp-json\/wp\/v2\/product_brand?post=3983"},{"taxonomy":"product_cat","embeddable":true,"href":"http:\/\/www.blerinadiet.al\/en\/wp-json\/wp\/v2\/product_cat?post=3983"},{"taxonomy":"product_tag","embeddable":true,"href":"http:\/\/www.blerinadiet.al\/en\/wp-json\/wp\/v2\/product_tag?post=3983"}],"curies":[{"name":"wp","href":"https:\/\/api.w.org\/{rel}","templated":true}]}}