{"id":3980,"date":"2025-02-13T18:23:04","date_gmt":"2025-02-13T18:23:04","guid":{"rendered":"https:\/\/diet.oriontech.al\/?product=sleep-well-night-balm"},"modified":"2025-02-13T18:23:05","modified_gmt":"2025-02-13T18:23:05","slug":"sleep-well-night-balm","status":"publish","type":"product","link":"http:\/\/www.blerinadiet.al\/en\/product\/sleep-well-night-balm\/","title":{"rendered":"SLEEP WELL &#038; NIGHT BALM"},"content":{"rendered":"<p>SLEEP WELL &#038; NIGHT BALM \u00ebsht\u00eb nj\u00eb suplement i cil\u00ebsis\u00eb s\u00eb lart\u00eb i krijuar p\u00ebr p\u00ebrfitime optimale sh\u00ebndet\u00ebsore.<\/p>","protected":false},"excerpt":{"rendered":"<p>SLEEP WELL &#038; NIGHT BALM suplement.<\/p>","protected":false},"featured_media":3955,"comment_status":"open","ping_status":"closed","template":"","meta":[],"product_brand":[],"product_cat":[75],"product_tag":[],"class_list":{"0":"post-3980","1":"product","2":"type-product","3":"status-publish","4":"has-post-thumbnail","6":"product_cat-suplemente","8":"first","9":"instock","10":"taxable","11":"shipping-taxable","12":"purchasable","13":"product-type-simple"},"_links":{"self":[{"href":"http:\/\/www.blerinadiet.al\/en\/wp-json\/wp\/v2\/product\/3980","targetHints":{"allow":["GET"]}}],"collection":[{"href":"http:\/\/www.blerinadiet.al\/en\/wp-json\/wp\/v2\/product"}],"about":[{"href":"http:\/\/www.blerinadiet.al\/en\/wp-json\/wp\/v2\/types\/product"}],"replies":[{"embeddable":true,"href":"http:\/\/www.blerinadiet.al\/en\/wp-json\/wp\/v2\/comments?post=3980"}],"wp:featuredmedia":[{"embeddable":true,"href":"http:\/\/www.blerinadiet.al\/en\/wp-json\/wp\/v2\/media\/3955"}],"wp:attachment":[{"href":"http:\/\/www.blerinadiet.al\/en\/wp-json\/wp\/v2\/media?parent=3980"}],"wp:term":[{"taxonomy":"product_brand","embeddable":true,"href":"http:\/\/www.blerinadiet.al\/en\/wp-json\/wp\/v2\/product_brand?post=3980"},{"taxonomy":"product_cat","embeddable":true,"href":"http:\/\/www.blerinadiet.al\/en\/wp-json\/wp\/v2\/product_cat?post=3980"},{"taxonomy":"product_tag","embeddable":true,"href":"http:\/\/www.blerinadiet.al\/en\/wp-json\/wp\/v2\/product_tag?post=3980"}],"curies":[{"name":"wp","href":"https:\/\/api.w.org\/{rel}","templated":true}]}}